{"id":234,"date":"2013-12-23T20:05:49","date_gmt":"2013-12-23T20:05:49","guid":{"rendered":"http:\/\/schreiblos.de\/brause1\/?page_id=234"},"modified":"2025-12-28T13:36:46","modified_gmt":"2025-12-28T13:36:46","slug":"freunde","status":"publish","type":"page","link":"https:\/\/www.brauseboys.de\/?page_id=234","title":{"rendered":"LINKS"},"content":{"rendered":"<p>Nat\u00fcrlich sind die Brauseboys nicht die einzige Leseb\u00fchne Berlins. Daher folgt eine kleine Liste aller befreundeten B\u00fchnen im Berliner Stadtgebiet. F\u00fcr den vollen Genuss wurde die Auflistung nach Wochentagen sortiert. F\u00fcr die Aktualit\u00e4t dieser Liste jedoch k\u00f6nnen wir keine Verantwortung \u00fcbernehmen. Wer regelm\u00e4\u00dfig \u00fcber die aktuellen Veranstaltungen der Berliner Leseb\u00fchnen informiert werden will, w\u00fcrde gut daran tun, den Kabelsalbader zu abonnieren.<\/p>\n<p>&nbsp;<\/p>\n<p style=\"padding-left: 30px;\"><strong>Kantinenlesen<\/strong><br \/>\nDas Gipfeltreffen der Berliner Leseb\u00fchnen. Jeden Samstag um 20 Uhr in der Alten Kantine der Kulturbrauerei. Mehr unter <a href=\"http:\/\/www.kantinenlesen.de\" target=\"_blank\" rel=\"noopener\">www.kantinenlesen.de<br \/>\n<\/a><br \/>\n<strong>Der Fr\u00fchschoppen<\/strong><br \/>\nJeden Sonntag, 13 Uhr, im Schlot. Mehr unter <a href=\"http:\/\/www.der-fruehschoppen.de\" target=\"_blank\" rel=\"noopener\">www.der-fruehschoppen.de<\/a><\/p>\n<p style=\"padding-left: 30px;\">\n<strong>Reformb\u00fchne Heim &amp; Welt<\/strong><br \/>\nJeden Sonntag um 19 Uhr in der Baiz. Mehr unter <a href=\"http:\/\/www.reformbuehne.de\" target=\"_blank\" rel=\"noopener\">www.reformbuehne.de<\/a><\/p>\n<p style=\"padding-left: 30px;\">\n<strong>Lesed\u00fcne<\/strong><br \/>\nRegelm\u00e4\u00dfig in der Volksb\u00fchne. Mehr unter <a href=\"http:\/\/leseduene.blogspot.de\/\" target=\"_blank\" rel=\"noopener\">leseduene.blogspot.de<\/a>&nbsp;<\/p>\n<p style=\"padding-left: 30px;\"><b><\/b><br \/>\n<strong>Vision &amp; Wahn<\/strong><br \/>\nJeden ersten Freitag im Periplaneta Literaturcaf\u00e9, Bornholmer Stra\u00dfe 81a. Mehr unter <a href=\"https:\/\/visionundwahn.wordpress.com\">https:\/\/visionundwahn.wordpress.com<\/a><\/p>\n<p>&nbsp;<\/p>\n<p style=\"padding-left: 30px;\"><strong>LSD &#8211; Liebe statt Drogen<\/strong><br \/>\nJeden 1. und 3. Dienstag um 20.00 Uhr im Schokoladen, Ackerstr. 169. Mehr unter <a href=\"http:\/\/www.liebestattdrogen.de\" target=\"_blank\" rel=\"noopener\">https:\/\/liebestattdrogen.wordpress.com\/<\/a><\/p>\n<p style=\"padding-left: 30px;\">\n<strong>Dienstagspropheten<\/strong><br \/>\nJeden zweiten Dienstag im Monat um 19.30 Uhr im Zebrano-Theater,&nbsp;Sonntagstra\u00dfe 8. Mehr unter <a href=\"http:\/\/www.zebrano-theater.de\/programm\/die_dienstagspropheten.shtml\">http:\/\/www.zebrano-theater.de\/programm\/die_dienstagspropheten.shtml<\/a><\/p>\n<p style=\"padding-left: 30px;\">\n<strong><b>Rakete 2000<\/b><\/strong><br \/>\nIm Moment inaktiv. Mehr unter <a href=\"http:\/\/rakete2000.blogspot.de\" target=\"_blank\" rel=\"noopener\">rakete2000.blogspot.de<\/a><\/p>\n<p style=\"padding-left: 30px;\">&nbsp;<\/p>\n<p style=\"padding-left: 30px;\"><strong>Couchpoetos<\/strong><br \/>\nIm Moment inaktiv. Mehr unter <a href=\"http:\/\/www.couchpoetos.de\/\" target=\"_blank\" rel=\"noopener\">www.couchpoetos.de<\/a><\/p>\n<p>&nbsp;<\/p>\n<p style=\"padding-left: 30px;\">&nbsp;<\/p>\n","protected":false},"excerpt":{"rendered":"<p>Nat\u00fcrlich sind die Brauseboys nicht die einzige Leseb\u00fchne Berlins. Daher folgt eine kleine Liste aller befreundeten B\u00fchnen im Berliner Stadtgebiet. F\u00fcr den vollen Genuss wurde die Auflistung nach Wochentagen sortiert. F\u00fcr die Aktualit\u00e4t dieser Liste jedoch k\u00f6nnen wir keine Verantwortung \u00fcbernehmen. Wer regelm\u00e4\u00dfig \u00fcber die aktuellen Veranstaltungen der Berliner Leseb\u00fchnen informiert werden will, w\u00fcrde gut [&hellip;]<\/p>\n","protected":false},"author":3,"featured_media":0,"parent":0,"menu_order":6,"comment_status":"closed","ping_status":"open","template":"","meta":{"ngg_post_thumbnail":0,"footnotes":""},"class_list":["post-234","page","type-page","status-publish","hentry"],"_links":{"self":[{"href":"https:\/\/www.brauseboys.de\/index.php?rest_route=\/wp\/v2\/pages\/234","targetHints":{"allow":["GET"]}}],"collection":[{"href":"https:\/\/www.brauseboys.de\/index.php?rest_route=\/wp\/v2\/pages"}],"about":[{"href":"https:\/\/www.brauseboys.de\/index.php?rest_route=\/wp\/v2\/types\/page"}],"author":[{"embeddable":true,"href":"https:\/\/www.brauseboys.de\/index.php?rest_route=\/wp\/v2\/users\/3"}],"replies":[{"embeddable":true,"href":"https:\/\/www.brauseboys.de\/index.php?rest_route=%2Fwp%2Fv2%2Fcomments&post=234"}],"version-history":[{"count":16,"href":"https:\/\/www.brauseboys.de\/index.php?rest_route=\/wp\/v2\/pages\/234\/revisions"}],"predecessor-version":[{"id":2825,"href":"https:\/\/www.brauseboys.de\/index.php?rest_route=\/wp\/v2\/pages\/234\/revisions\/2825"}],"wp:attachment":[{"href":"https:\/\/www.brauseboys.de\/index.php?rest_route=%2Fwp%2Fv2%2Fmedia&parent=234"}],"curies":[{"name":"wp","href":"https:\/\/api.w.org\/{rel}","templated":true}]}}