{"id":164,"date":"2013-12-22T23:39:33","date_gmt":"2013-12-22T23:39:33","guid":{"rendered":"http:\/\/schreiblos.de\/brause1\/?page_id=164"},"modified":"2023-06-07T15:12:08","modified_gmt":"2023-06-07T15:12:08","slug":"presse","status":"publish","type":"page","link":"https:\/\/www.brauseboys.de\/?page_id=164","title":{"rendered":"PRESSE"},"content":{"rendered":"<p>Pressetext:<\/p>\n<p>Die Brauseboys sind eine der quirligsten und produktivsten Leseb\u00fchnen Berlins und aus der hiesigen Literaturszene nicht mehr wegzudenken. Ihre Heimat ist der Wedding, inzwischen haben sie sich hinaus nach Prenzlauer Berg gewagt. Frisch geduschte Texte, spr\u00fchende Intelligenz und Herz erw\u00e4rmendes Liedgut &#8211; das ist seit 20 Jahren das Erfolgsgeheimnis der Vorlese-Boygroup, bestehend aus Thilo Bock, Robert Rescue, Frank Sorge, Volker Surmann und Heiko Werning.<\/p>\n<p>Nichts Menschliches und Unmenschliches ist den Geschichtenerz\u00e4hlern fremd. Stilsicher stecken ihre satirischen Miniaturen den Raum ab zwischen Boebachtungen in ihren Heimatkiezen und &#8222;Problembezirken\u201c, anderen deutschen Provinzen und der D\u00f6nerbude am Scheitelpunkt der Dimensionen.<\/p>\n<p>dpa hat die Brauseboys einst als &#8222;eine \u0084hippe Band&#8220;\u0093 tituliert, die FAZ als \u0084eine Art &#8222;Volksausgabe der Harald-Schmidt-Show\u0093&#8220; bezeichnet, die taz nennt sie \u0084&#8220;abwechslungsreich und \u00fcberdurchschnittlich gut, sowie allen Brandschutzbestimmungen gen\u00fcgend&#8220;\u0093. Doch sie selbst sangen in ihrem Schlusslied lange Jahre: &#8222;\u0084Wir sind nur Kurzgeschichtenvorleser\u0093&#8220;.<\/p>\n<p>Aktuelles Pressefoto:<\/p>\n<p style=\"text-align: center;\"><a href=\"http:\/\/www.brauseboys.de\/wp-content\/uploads\/2013\/12\/Brauseboys2021_FotovonAxelV\u00f6lcker_5.jpg\"><img loading=\"lazy\" decoding=\"async\" class=\"size-large wp-image-2093 aligncenter\" alt=\"Brauseboys2021_FotovonAxelV\u00f6lcker_5\" src=\"http:\/\/www.brauseboys.de\/wp-content\/uploads\/2013\/12\/Brauseboys2021_FotovonAxelV\u00f6lcker_5-1024x739.jpg\" width=\"640\" height=\"461\" srcset=\"https:\/\/www.brauseboys.de\/wp-content\/uploads\/2013\/12\/Brauseboys2021_FotovonAxelV\u00f6lcker_5-1024x739.jpg 1024w, https:\/\/www.brauseboys.de\/wp-content\/uploads\/2013\/12\/Brauseboys2021_FotovonAxelV\u00f6lcker_5-300x216.jpg 300w, https:\/\/www.brauseboys.de\/wp-content\/uploads\/2013\/12\/Brauseboys2021_FotovonAxelV\u00f6lcker_5.jpg 1874w\" sizes=\"auto, (max-width: 640px) 100vw, 640px\" \/><\/a><\/p>\n<p>Auf das Bild klicken &gt; gr\u00f6\u00dfere Ansicht \u00f6ffnet sich &gt; rechte Maustaste &gt; Download.<br \/>\nAbdruck honorarfrei. (c) Axel V\u00f6lcker<\/p>\n","protected":false},"excerpt":{"rendered":"<p>Pressetext: Die Brauseboys sind eine der quirligsten und produktivsten Leseb\u00fchnen Berlins und aus der hiesigen Literaturszene nicht mehr wegzudenken. Ihre Heimat ist der Wedding, inzwischen haben sie sich hinaus nach Prenzlauer Berg gewagt. Frisch geduschte Texte, spr\u00fchende Intelligenz und Herz erw\u00e4rmendes Liedgut &#8211; das ist seit 20 Jahren das Erfolgsgeheimnis der Vorlese-Boygroup, bestehend aus Thilo [&hellip;]<\/p>\n","protected":false},"author":3,"featured_media":0,"parent":0,"menu_order":4,"comment_status":"closed","ping_status":"closed","template":"","meta":{"ngg_post_thumbnail":0,"footnotes":""},"class_list":["post-164","page","type-page","status-publish","hentry"],"_links":{"self":[{"href":"https:\/\/www.brauseboys.de\/index.php?rest_route=\/wp\/v2\/pages\/164","targetHints":{"allow":["GET"]}}],"collection":[{"href":"https:\/\/www.brauseboys.de\/index.php?rest_route=\/wp\/v2\/pages"}],"about":[{"href":"https:\/\/www.brauseboys.de\/index.php?rest_route=\/wp\/v2\/types\/page"}],"author":[{"embeddable":true,"href":"https:\/\/www.brauseboys.de\/index.php?rest_route=\/wp\/v2\/users\/3"}],"replies":[{"embeddable":true,"href":"https:\/\/www.brauseboys.de\/index.php?rest_route=%2Fwp%2Fv2%2Fcomments&post=164"}],"version-history":[{"count":20,"href":"https:\/\/www.brauseboys.de\/index.php?rest_route=\/wp\/v2\/pages\/164\/revisions"}],"predecessor-version":[{"id":2331,"href":"https:\/\/www.brauseboys.de\/index.php?rest_route=\/wp\/v2\/pages\/164\/revisions\/2331"}],"wp:attachment":[{"href":"https:\/\/www.brauseboys.de\/index.php?rest_route=%2Fwp%2Fv2%2Fmedia&parent=164"}],"curies":[{"name":"wp","href":"https:\/\/api.w.org\/{rel}","templated":true}]}}