{"id":1235,"date":"2020-03-24T00:24:16","date_gmt":"2020-03-24T00:24:16","guid":{"rendered":"http:\/\/www.brauseboys.de\/?page_id=1235"},"modified":"2026-01-13T10:05:32","modified_gmt":"2026-01-13T10:05:32","slug":"livestream","status":"publish","type":"page","link":"https:\/\/www.brauseboys.de\/?page_id=1235","title":{"rendered":"LIVESTREAM"},"content":{"rendered":"<p>Kein Donnerstag ohne die Brauseboys! Lange Zeit haben wir (Corona sei Dank) im Livestream verbracht. Inzwischen stehen wir wieder w\u00f6chentlich live auf der B\u00fchne.<br \/>\nAber f\u00fcr unsere Freund*innen im n\u00e4heren oder weiterem In- und Ausland haben wir bis 2023 einmal im Monat einen Livestream angeboten haben, wo wir unsere Liveshow donnerstags zus\u00e4tzlich live streamen. Die Streams sind auf unserem&nbsp; Kanal bei <a href=\"https:\/\/www.youtube.com\/BrauseboysTV\" target=\"_blank\" rel=\"noopener\">YouTube<\/a>&nbsp;archiviert und k\u00f6nnen immer noch angeschaut werden! Das gilt auch f\u00fcr unseren Jahresr\u00fcckblick, den wir jeweils am letzten Abend live aus dem <strong>Schlot<\/strong> gesendet haben. Diese Shows k\u00f6nnen direkt auf dieser Seite angeschaut werden, auch der Lockdownstream 2020 aus dem <strong>Kookaburra<\/strong> und unser Geburtstagsstream 2021 aus dem <strong>Mastul<\/strong>.<\/p>\n<p><a href=\"https:\/\/www.paypal.com\/cgi-bin\/webscr?cmd=_s-xclick&amp;hosted_button_id=7VVNNN3PLWZ3N&amp;source=url\"><img loading=\"lazy\" decoding=\"async\" class=\"alignright size-full wp-image-1292\" src=\"http:\/\/www.brauseboys.de\/wp-content\/uploads\/2020\/03\/QR-Code_Brauseboys_Hutspende.png\" alt=\"QR-Cde_Brauseboys_Hutspende\" width=\"128\" height=\"128\"><\/a>Wer nachtr\u00e4glich Eintritt zahlen m\u00f6chte, ist herzlich dazu eingeladen, via <a href=\"https:\/\/www.paypal.com\/cgi-bin\/webscr?cmd=_s-xclick&amp;hosted_button_id=7VVNNN3PLWZ3N&amp;source=url\" target=\"_blank\" rel=\"noopener\"><strong>Paypal<\/strong><\/a> an <a href=\"https:\/\/www.paypal.com\/cgi-bin\/webscr?cmd=_s-xclick&amp;hosted_button_id=7VVNNN3PLWZ3N&amp;source=url\" target=\"_blank\" rel=\"noopener\"><strong>hutspende@brauseboys.de<\/strong><\/a>&nbsp;zu spenden (Einfach Link oder QR-Code anklicken; Kreditkartenzahlung m\u00f6glich). Volkers Satyr Verlag sammelt die Spenden f\u00fcr uns ein.<br \/>\nAlternativ geht das auch per \u00dcberweisung an Volker Surmann mit Verwendungszweck <em>Brauseboys<\/em>:<br \/>\nIBAN&nbsp;DE32 1009 0000 7093 4270 03 (Volksbank Berlin)<\/p>\n<p>Wir sagen schon mal Danke!<\/p>\n<p><strong><strong>Brauseboys am 3.1.2026 live aus dem Schlot: Auf Nimmerwiedersehen 2025 (#112)<\/strong><\/strong><\/p>\n<p style=\"text-align: center;\"><iframe loading=\"lazy\" title=\"YouTube video player\" src=\"https:\/\/www.youtube.com\/embed\/9zJMYQsi8to?si=YBbijfkSrAm3RAZw\" width=\"560\" height=\"315\" frameborder=\"0\" allowfullscreen=\"allowfullscreen\"><\/iframe><\/p>\n<p><strong><strong>Brauseboys am 4.1.2025 live aus dem Schlot: Auf Nimmerwiedersehen 2024 (#111)<\/strong><\/strong><\/p>\n<p style=\"text-align: center;\"><iframe loading=\"lazy\" title=\"YouTube video player\" src=\"https:\/\/www.youtube.com\/embed\/TfxYBfAaqMo?si=KgX2fWFMMonnKp_g\" width=\"560\" height=\"315\" frameborder=\"0\" allowfullscreen=\"allowfullscreen\"><\/iframe><\/p>\n<p><strong>Brauseboys am 6.1.2024 live aus dem Schlot: Auf Nimmerwiedersehen 2023 (#110)<\/strong><\/p>\n<p style=\"text-align: center;\"><iframe loading=\"lazy\" title=\"Brauseboys-Jahresr\u00fcckblick am 6.1. im Schlot: Auf Nimmerwiedersehen 2023\" src=\"https:\/\/www.youtube.com\/embed\/ogksVUHIU7s\" width=\"560\" height=\"315\" frameborder=\"0\" allowfullscreen=\"allowfullscreen\"><\/iframe><\/p>\n<p><strong>Brauseboys am 7.1.2023 live aus dem Schlot: Auf Nimmerwiedersehen 2022 (#106)<\/strong><\/p>\n<p style=\"text-align: center;\"><iframe loading=\"lazy\" title=\"Brauseboys-Jahresr\u00fcckblick \" src=\"https:\/\/www.youtube.com\/embed\/uJZW99U8IMo\" width=\"560\" height=\"315\" frameborder=\"0\" allowfullscreen=\"allowfullscreen\"><\/iframe><\/p>\n<p><strong>Brauseboys am 6.1.2022 live aus dem Schlot: Auf Nimmerwiedersehen 2021 (#82)<\/strong><\/p>\n<p style=\"text-align: center;\"><iframe loading=\"lazy\" title=\"YouTube video player\" src=\"https:\/\/www.youtube.com\/embed\/NINlI6MAz2Q\" width=\"560\" height=\"315\" frameborder=\"0\" allowfullscreen=\"allowfullscreen\"><\/iframe><\/p>\n<p><strong>18 Jahre Brauseboys am 20.3.2021 live aus dem Mastul: Endlich erwachsen (#48)<\/strong><\/p>\n<p style=\"text-align: center;\"><iframe loading=\"lazy\" src=\"https:\/\/www.youtube.com\/embed\/jP06ZV78Sks\" width=\"560\" height=\"315\" frameborder=\"0\" allowfullscreen=\"allowfullscreen\"><\/iframe><\/p>\n<p><strong>Brauseboys am 9.1.2021: Auf Nimmerwiedersehen 2020 (#37)<\/strong><\/p>\n<p style=\"text-align: center;\"><iframe loading=\"lazy\" src=\"https:\/\/www.youtube.com\/embed\/OTyzEdG1GPk\" width=\"560\" height=\"315\" frameborder=\"0\" allowfullscreen=\"allowfullscreen\"><\/iframe><\/p>\n","protected":false},"excerpt":{"rendered":"<p>Kein Donnerstag ohne die Brauseboys! Lange Zeit haben wir (Corona sei Dank) im Livestream verbracht. Inzwischen stehen wir wieder w\u00f6chentlich live auf der B\u00fchne. Aber f\u00fcr unsere Freund*innen im n\u00e4heren oder weiterem In- und Ausland haben wir bis 2023 einmal im Monat einen Livestream angeboten haben, wo wir unsere Liveshow donnerstags zus\u00e4tzlich live streamen. Die [&hellip;]<\/p>\n","protected":false},"author":2,"featured_media":0,"parent":0,"menu_order":3,"comment_status":"closed","ping_status":"open","template":"","meta":{"ngg_post_thumbnail":0,"footnotes":""},"class_list":["post-1235","page","type-page","status-publish","hentry"],"_links":{"self":[{"href":"https:\/\/www.brauseboys.de\/index.php?rest_route=\/wp\/v2\/pages\/1235","targetHints":{"allow":["GET"]}}],"collection":[{"href":"https:\/\/www.brauseboys.de\/index.php?rest_route=\/wp\/v2\/pages"}],"about":[{"href":"https:\/\/www.brauseboys.de\/index.php?rest_route=\/wp\/v2\/types\/page"}],"author":[{"embeddable":true,"href":"https:\/\/www.brauseboys.de\/index.php?rest_route=\/wp\/v2\/users\/2"}],"replies":[{"embeddable":true,"href":"https:\/\/www.brauseboys.de\/index.php?rest_route=%2Fwp%2Fv2%2Fcomments&post=1235"}],"version-history":[{"count":282,"href":"https:\/\/www.brauseboys.de\/index.php?rest_route=\/wp\/v2\/pages\/1235\/revisions"}],"predecessor-version":[{"id":2849,"href":"https:\/\/www.brauseboys.de\/index.php?rest_route=\/wp\/v2\/pages\/1235\/revisions\/2849"}],"wp:attachment":[{"href":"https:\/\/www.brauseboys.de\/index.php?rest_route=%2Fwp%2Fv2%2Fmedia&parent=1235"}],"curies":[{"name":"wp","href":"https:\/\/api.w.org\/{rel}","templated":true}]}}