{"id":110,"date":"2013-12-22T16:44:00","date_gmt":"2013-12-22T16:44:00","guid":{"rendered":"http:\/\/schreiblos.de\/brause1\/?page_id=110"},"modified":"2025-12-28T13:39:19","modified_gmt":"2025-12-28T13:39:19","slug":"vorleser","status":"publish","type":"page","link":"https:\/\/www.brauseboys.de\/?page_id=110","title":{"rendered":"VORLESER"},"content":{"rendered":"<p><strong><img loading=\"lazy\" decoding=\"async\" class=\"size-full wp-image-113 alignleft\" src=\"  http:\/\/www.brauseboys.de\/wp-content\/uploads\/2021\/05\/vorleser_thilo.jpg\" alt=\"Thilo Bock\" width=\"200\" height=\"200\">Thilo Bock<\/strong><br \/>\nwurde 1973 in Berlin geboren. Er&nbsp; ist Geschichtenvorleser, Lyriksammler und Dadaversteher. Drei Romane (zuletzt &#8218;Tempelhofer Feld&#8216;) und dreieinhalb Erz\u00e4hlb\u00e4nde (zuletzt &#8218;Der Berliner ist dem Pfannkuchen sein Tod&#8216;) und ein Gedichtband (&#8218;Du bist f\u00fcr misch wie Camembert. Verfressene Verse&#8216;). Redakteur der Literaturzeitschrift &#8218;Salbader&#8216;. Langj\u00e4hrige Mitwirkung bei Randkulturveranstaltungen in schlecht beleuchteten Lokalen. Gef\u00fchlt schon immer, seit 2016 auch offiziell bei den Brauseboys. Mehr unter <a href=\"http:\/\/www.thilo-bock.de\">www.thilo-bock.de<\/a>.<\/p>\n<p>&nbsp;<\/p>\n<p><strong><a href=\"http:\/\/www.brauseboys.de\/wp-content\/uploads\/2013\/12\/vorleser_robert.jpg\"><img loading=\"lazy\" decoding=\"async\" class=\"size-full wp-image-114 alignleft\" src=\"http:\/\/www.brauseboys.de\/wp-content\/uploads\/2013\/12\/vorleser_robert.jpg\" alt=\"vorleser_robert\" width=\"200\" height=\"200\" srcset=\"https:\/\/www.brauseboys.de\/wp-content\/uploads\/2013\/12\/vorleser_robert.jpg 200w, https:\/\/www.brauseboys.de\/wp-content\/uploads\/2013\/12\/vorleser_robert-150x150.jpg 150w\" sizes=\"auto, (max-width: 200px) 100vw, 200px\" \/><\/a>Robert Rescue<\/strong><br \/>\nwurde 1969 in Rheinland-Pfalz geboren. Lebt seit 1993 in Berlin und seit 2005 im Wedding. Leitete Schreibwerkst\u00e4tten und organisierte Lesungen f\u00fcr junge Autoren, bis er zu alt daf\u00fcr wurde. Gr\u00fcndungsmitglied der Brauseboys. Ver\u00f6ffentlichte die Kurzgeschichtensammlungen &#8218;Eimerduschen&#8216;, &#8218;Zum Gl\u00fcck habe ich wenigstens Pech&#8216; und &#8218;Das ist alles 1:1 erfunden&#8216; sowie den Roman &#8218;Der Intimit\u00e4tendieb&#8216; im Periplaneta Verlag.<\/p>\n<p>&nbsp;<\/p>\n<p><strong><a href=\"http:\/\/www.brauseboys.de\/wp-content\/uploads\/2013\/12\/vorleser_frank.jpg\"><img loading=\"lazy\" decoding=\"async\" class=\"alignleft size-full wp-image-111\" src=\"http:\/\/www.brauseboys.de\/wp-content\/uploads\/2013\/12\/vorleser_frank.jpg\" alt=\"vorleser_frank\" width=\"200\" height=\"200\" srcset=\"https:\/\/www.brauseboys.de\/wp-content\/uploads\/2013\/12\/vorleser_frank.jpg 200w, https:\/\/www.brauseboys.de\/wp-content\/uploads\/2013\/12\/vorleser_frank-150x150.jpg 150w\" sizes=\"auto, (max-width: 200px) 100vw, 200px\" \/><\/a>Frank Sorge<\/strong><br \/>\nwurde 1977 in Berlin geboren. Er hat einige Semester Germanis\u00adtik, Philosophie und Klassische Arch\u00e4ologie studiert, seit 2001 liest er auf den Berliner Leseb\u00fchnen Geschichten und Gedichte vor. 2011 erschien \u00bbBrunnenstra\u00dfe 3, Berlin\u00ab im Eichborn Verlag als Buch und H\u00f6rbuch, 2014 \u00bbDegeneration Internet: Surf- &amp; Klickgeschichten\u00ab (Satyr). Mehr unter <a href=\"https:\/\/blog.browserboy.de\/\">www.browserboy.de<\/a> &amp; <a href=\"http:\/\/www.frank-sorge.de\" target=\"_blank\" rel=\"noopener\">www.frank-sorge.de<\/a><\/p>\n<p>&nbsp;<\/p>\n<p><strong><a href=\"http:\/\/www.brauseboys.de\/wp-content\/uploads\/2013\/12\/surmann-volker_fotovon_herz-martin_QuadratInsta.jpg\"><img loading=\"lazy\" decoding=\"async\" class=\"alignleft  wp-image-2507\" src=\"http:\/\/www.brauseboys.de\/wp-content\/uploads\/2013\/12\/surmann-volker_fotovon_herz-martin_QuadratInsta-150x150.jpg\" alt=\"Volker Surmann\" width=\"200\" height=\"200\" srcset=\"https:\/\/www.brauseboys.de\/wp-content\/uploads\/2013\/12\/surmann-volker_fotovon_herz-martin_QuadratInsta-150x150.jpg 150w, https:\/\/www.brauseboys.de\/wp-content\/uploads\/2013\/12\/surmann-volker_fotovon_herz-martin_QuadratInsta-300x300.jpg 300w, https:\/\/www.brauseboys.de\/wp-content\/uploads\/2013\/12\/surmann-volker_fotovon_herz-martin_QuadratInsta.jpg 472w\" sizes=\"auto, (max-width: 200px) 100vw, 200px\" \/><\/a>Volker Surmann<\/strong><br \/>\nist Autor, Poetry-Slammer und Verleger und lebt als Ostwestfale in Ostberlin. Er schreibt f\u00fcr das Satiremagazin &#8218;Titanic&#8216;, die &#8218;taz-Wahrheit&#8216; und das queere Stadtmagazin &#8218;Siegess\u00e4ule&#8216;. Er ver\u00f6ffentlichte vier Romane, zuletzt &#8218;Leon Hertz und die Sache mit der Traurigkeit&#8216; (mixtvision: 2024) und drei Kurzgeschichtensammlungen, zuletzt &#8218;Kein Schwei\u00df aufs Buch. Saunageschichten&#8216; (Satyr: 2022). <a href=\"http:\/\/www.volkersurmann.de\" target=\"_blank\" rel=\"noopener\">www.volkersurmann.de<\/a><\/p>\n<p>&nbsp;<\/p>\n<p><strong><a href=\"http:\/\/www.brauseboys.de\/wp-content\/uploads\/2013\/12\/vorleser_heiko.jpg\"><img loading=\"lazy\" decoding=\"async\" class=\"alignleft size-full wp-image-112\" src=\"http:\/\/www.brauseboys.de\/wp-content\/uploads\/2013\/12\/vorleser_heiko.jpg\" alt=\"vorleser_heiko\" width=\"200\" height=\"200\" srcset=\"https:\/\/www.brauseboys.de\/wp-content\/uploads\/2013\/12\/vorleser_heiko.jpg 200w, https:\/\/www.brauseboys.de\/wp-content\/uploads\/2013\/12\/vorleser_heiko-150x150.jpg 150w\" sizes=\"auto, (max-width: 200px) 100vw, 200px\" \/><\/a>Heiko Werning<\/strong><br \/>\n1970 in M\u00fcnster geboren, seit 1991 im Wedding, ist Reptilienforscher aus Berufung, Schriftsteller aus Gr\u00fcnden, Liedermacher aus Leidenschaft und Plattenmogul aus wirtschaftlichem Unverstand. Neben den Brauseboys liest er bei der Reformb\u00fchne Heim &amp; Welt, schreibt f\u00fcr \u00bbTitanic\u00ab, \u00bbJungle World\u00ab und \u00bbtaz\u00ab. Bislang sechs Solob\u00fccher, zuletzt erschienen: \u00bbVom Wedding verweht\u00ab (Edition Tiamat: 2017). Mit Jakob Hein betreibt er den taz-Blog <a href=\"http:\/\/blogs.taz.de\/reptilienfonds\/\" target=\"_blank\" rel=\"noopener\">Reptilienfonds<\/a>.<\/p>\n<hr>\n<h3><span style=\"color: #c0c0c0;\">BONUSBOYS<\/span><\/h3>\n<p><strong><a href=\"http:\/\/www.brauseboys.de\/wp-content\/uploads\/2013\/12\/vorleser_paul.jpg\"><img loading=\"lazy\" decoding=\"async\" class=\"alignleft size-full wp-image-113\" src=\"http:\/\/www.brauseboys.de\/wp-content\/uploads\/2013\/12\/vorleser_paul.jpg\" alt=\"vorleser_paul\" width=\"200\" height=\"200\" srcset=\"https:\/\/www.brauseboys.de\/wp-content\/uploads\/2013\/12\/vorleser_paul.jpg 200w, https:\/\/www.brauseboys.de\/wp-content\/uploads\/2013\/12\/vorleser_paul-150x150.jpg 150w\" sizes=\"auto, (max-width: 200px) 100vw, 200px\" \/><\/a>Paul Bokowski<\/strong><br \/>\nwurde 1982 in Mainz geboren. Er ist Redaktionsmitglied der Literaturzeitschrift &#8218;Salbader&#8216; und war lange Zeit j\u00fcngstes Mitglied der Brauseboys (M\u00e4rz 2008 bis September 2016). Sein erfolgreicher Kurzgeschichtenband &#8218;Hauptsache nichts mit Menschen&#8216; (Satyr) erschien 2013 als Taschenbuch bei Goldmann. Der Folgeband &#8218;Alleine ist man weniger zusammen&#8216; erschien 2015 als Klappenbroschur bei Manhattan. Mehr unter <a href=\"http:\/\/www.paulbokowski.de\" target=\"_blank\" rel=\"noopener\">www.paulbokowski.de<\/a><\/p>\n<p>&nbsp;<\/p>\n<p><a href=\"http:\/\/www.brauseboys.de\/wp-content\/uploads\/2019\/03\/Nils2019.jpg\"><img loading=\"lazy\" decoding=\"async\" class=\"alignleft\" src=\"http:\/\/www.brauseboys.de\/wp-content\/uploads\/2019\/03\/Nils2019.jpg\" alt=\"Nils2019\" width=\"200\" height=\"200\"><\/a><b><b>Nils Heinrich<\/b><br \/>\n<\/b>1971 in der DDR geboren. Als David Hasselhoff die Mauer niederriss, war er s\u00fc\u00dfe 18 Jahre alt. Der Gr\u00fcndungsvater der Brauseboys kehrt nach einer k\u00fcrzeren Pause (September 2006 bis April 2019) zur\u00fcck in den Scho\u00df der Familie. Kabarettist und Autor zahlreicher B\u00fccher. Zuletzt: &#8218;Sei froh, dass du nicht Joghurt hei\u00dft&#8216; (Satyr).<br \/>\nMehr unter <a href=\"http:\/\/www.nils-heinrich.de\" target=\"_blank\" rel=\"noopener\">www.nils-heinrich.de<\/a> (Foto: Stefan Maria Rother)<\/p>\n<p>&nbsp;<\/p>\n<p><strong><a href=\"http:\/\/www.brauseboys.de\/wp-content\/uploads\/2013\/12\/vorleser_hinark.jpg\"><img loading=\"lazy\" decoding=\"async\" class=\"alignleft size-full wp-image-294\" src=\"http:\/\/www.brauseboys.de\/wp-content\/uploads\/2013\/12\/vorleser_hinark.jpg\" alt=\"\" width=\"200\" height=\"200\" srcset=\"https:\/\/www.brauseboys.de\/wp-content\/uploads\/2013\/12\/vorleser_hinark.jpg 200w, https:\/\/www.brauseboys.de\/wp-content\/uploads\/2013\/12\/vorleser_hinark-150x150.jpg 150w\" sizes=\"auto, (max-width: 200px) 100vw, 200px\" \/><\/a>Hinark Husen<\/strong><br \/>\nWeddinger Urgestein und langj\u00e4hriges Mitglied der Brauseboys (November 2004 bis November 2013). Seitdem korrespondierendes Mitglied. Mitbegr\u00fcnder von &#8222;Dr. Seltsams Fr\u00fchschoppen&#8220;, zudem Redakteur des Leseb\u00fchnenzentralorgans &#8218;Salbader&#8216; und Autor des Buches &#8218;Wenn Weddinger weinen&#8216;. Noch immer in lesender Funktion t\u00e4tig: Jeden Sonntag um 13 Uhr beim <a href=\"http:\/\/www.der-fruehschoppen.de\/\" target=\"_blank\" rel=\"noopener\">Fr\u00fchschoppen<\/a> im Schlot.<\/p>\n","protected":false},"excerpt":{"rendered":"<p>Thilo Bock wurde 1973 in Berlin geboren. Er&nbsp; ist Geschichtenvorleser, Lyriksammler und Dadaversteher. Drei Romane (zuletzt &#8218;Tempelhofer Feld&#8216;) und dreieinhalb Erz\u00e4hlb\u00e4nde (zuletzt &#8218;Der Berliner ist dem Pfannkuchen sein Tod&#8216;) und ein Gedichtband (&#8218;Du bist f\u00fcr misch wie Camembert. Verfressene Verse&#8216;). Redakteur der Literaturzeitschrift &#8218;Salbader&#8216;. Langj\u00e4hrige Mitwirkung bei Randkulturveranstaltungen in schlecht beleuchteten Lokalen. Gef\u00fchlt schon immer, [&hellip;]<\/p>\n","protected":false},"author":3,"featured_media":0,"parent":0,"menu_order":2,"comment_status":"closed","ping_status":"closed","template":"","meta":{"ngg_post_thumbnail":0,"footnotes":""},"class_list":["post-110","page","type-page","status-publish","hentry"],"_links":{"self":[{"href":"https:\/\/www.brauseboys.de\/index.php?rest_route=\/wp\/v2\/pages\/110","targetHints":{"allow":["GET"]}}],"collection":[{"href":"https:\/\/www.brauseboys.de\/index.php?rest_route=\/wp\/v2\/pages"}],"about":[{"href":"https:\/\/www.brauseboys.de\/index.php?rest_route=\/wp\/v2\/types\/page"}],"author":[{"embeddable":true,"href":"https:\/\/www.brauseboys.de\/index.php?rest_route=\/wp\/v2\/users\/3"}],"replies":[{"embeddable":true,"href":"https:\/\/www.brauseboys.de\/index.php?rest_route=%2Fwp%2Fv2%2Fcomments&post=110"}],"version-history":[{"count":59,"href":"https:\/\/www.brauseboys.de\/index.php?rest_route=\/wp\/v2\/pages\/110\/revisions"}],"predecessor-version":[{"id":2918,"href":"https:\/\/www.brauseboys.de\/index.php?rest_route=\/wp\/v2\/pages\/110\/revisions\/2918"}],"wp:attachment":[{"href":"https:\/\/www.brauseboys.de\/index.php?rest_route=%2Fwp%2Fv2%2Fmedia&parent=110"}],"curies":[{"name":"wp","href":"https:\/\/api.w.org\/{rel}","templated":true}]}}